
{"id":12,"date":"2012-01-10T19:48:07","date_gmt":"2012-01-10T19:48:07","guid":{"rendered":"http:\/\/senov-u-noveho-jicina.knihovna.info\/?page_id=12"},"modified":"2013-07-15T08:24:17","modified_gmt":"2013-07-15T06:24:17","slug":"cenik","status":"publish","type":"page","link":"https:\/\/senov-u-noveho-jicina.knihovna.info\/?page_id=12","title":{"rendered":"Cen\u00edk"},"content":{"rendered":"<p>St\u00e1hn\u011bte si cen\u00edk tak\u00e9 ve form\u00e1tu\u00a0<a title=\"cen\u00edk \u0160enov\" href=\"http:\/\/senov-u-noveho-jicina.knihovna.info\/wp-content\/uploads\/2013\/07\/cen\u00edk-knihovna-\u0160enov.pdf\" target=\"_blank\">*.pdf<\/a>.\u00a0<a href=\"http:\/\/senov-u-noveho-jicina.knihovna.info\/wp-content\/uploads\/2012\/01\/cenik_m.gif\"><img loading=\"lazy\" decoding=\"async\" class=\"size-full wp-image-104 alignnone\" title=\"cenik_m\" src=\"http:\/\/senov-u-noveho-jicina.knihovna.info\/wp-content\/uploads\/2012\/01\/cenik_m.gif\" alt=\"\" width=\"560\" height=\"803\" srcset=\"https:\/\/senov-u-noveho-jicina.knihovna.info\/wp-content\/uploads\/2012\/01\/cenik_m.gif 560w, https:\/\/senov-u-noveho-jicina.knihovna.info\/wp-content\/uploads\/2012\/01\/cenik_m-209x300.gif 209w\" sizes=\"auto, (max-width: 560px) 100vw, 560px\" \/><\/a><\/p>\n<p>&nbsp;<\/p>\n","protected":false},"excerpt":{"rendered":"<p>St\u00e1hn\u011bte si cen\u00edk tak\u00e9 ve form\u00e1tu\u00a0*.pdf.\u00a0 &nbsp;<\/p>\n","protected":false},"author":1,"featured_media":0,"parent":0,"menu_order":0,"comment_status":"closed","ping_status":"closed","template":"","meta":{"footnotes":""},"class_list":["post-12","page","type-page","status-publish","hentry"],"_links":{"self":[{"href":"https:\/\/senov-u-noveho-jicina.knihovna.info\/index.php?rest_route=\/wp\/v2\/pages\/12","targetHints":{"allow":["GET"]}}],"collection":[{"href":"https:\/\/senov-u-noveho-jicina.knihovna.info\/index.php?rest_route=\/wp\/v2\/pages"}],"about":[{"href":"https:\/\/senov-u-noveho-jicina.knihovna.info\/index.php?rest_route=\/wp\/v2\/types\/page"}],"author":[{"embeddable":true,"href":"https:\/\/senov-u-noveho-jicina.knihovna.info\/index.php?rest_route=\/wp\/v2\/users\/1"}],"replies":[{"embeddable":true,"href":"https:\/\/senov-u-noveho-jicina.knihovna.info\/index.php?rest_route=%2Fwp%2Fv2%2Fcomments&post=12"}],"version-history":[{"count":7,"href":"https:\/\/senov-u-noveho-jicina.knihovna.info\/index.php?rest_route=\/wp\/v2\/pages\/12\/revisions"}],"predecessor-version":[{"id":111,"href":"https:\/\/senov-u-noveho-jicina.knihovna.info\/index.php?rest_route=\/wp\/v2\/pages\/12\/revisions\/111"}],"wp:attachment":[{"href":"https:\/\/senov-u-noveho-jicina.knihovna.info\/index.php?rest_route=%2Fwp%2Fv2%2Fmedia&parent=12"}],"curies":[{"name":"wp","href":"https:\/\/api.w.org\/{rel}","templated":true}]}}