
{"id":126,"date":"2014-02-02T19:58:05","date_gmt":"2014-02-02T17:58:05","guid":{"rendered":"http:\/\/senov-u-noveho-jicina.knihovna.info\/?page_id=126"},"modified":"2016-12-18T20:14:36","modified_gmt":"2016-12-18T18:14:36","slug":"fotogalerie","status":"publish","type":"page","link":"https:\/\/senov-u-noveho-jicina.knihovna.info\/?page_id=126","title":{"rendered":"Fotogalerie"},"content":{"rendered":"<p style=\"text-align: justify;\"><strong>N\u00e1v\u0161t\u011bva d\u011bt\u00ed 1. a 2. t\u0159\u00eddy z\u00e1kladn\u00ed \u0161koly v knihovn\u011b dne 22.11.2016\u00a0<\/strong><\/p>\n<p style=\"text-align: justify;\"><a href=\"http:\/\/senov-u-noveho-jicina.knihovna.info\/wp-content\/uploads\/2014\/02\/IMG_8110.jpg\"><img loading=\"lazy\" decoding=\"async\" class=\"alignnone size-thumbnail wp-image-296\" src=\"http:\/\/senov-u-noveho-jicina.knihovna.info\/wp-content\/uploads\/2014\/02\/IMG_8110-150x150.jpg\" alt=\"\" width=\"150\" height=\"150\" \/><\/a> <a href=\"http:\/\/senov-u-noveho-jicina.knihovna.info\/wp-content\/uploads\/2014\/02\/IMG_8109.jpg\"><img loading=\"lazy\" decoding=\"async\" class=\"alignnone size-thumbnail wp-image-295\" src=\"http:\/\/senov-u-noveho-jicina.knihovna.info\/wp-content\/uploads\/2014\/02\/IMG_8109-150x150.jpg\" alt=\"\" width=\"150\" height=\"150\" \/><\/a> <a href=\"http:\/\/senov-u-noveho-jicina.knihovna.info\/wp-content\/uploads\/2014\/02\/IMG_8107.jpg\"><img loading=\"lazy\" decoding=\"async\" class=\"alignnone size-thumbnail wp-image-294\" src=\"http:\/\/senov-u-noveho-jicina.knihovna.info\/wp-content\/uploads\/2014\/02\/IMG_8107-150x150.jpg\" alt=\"\" width=\"150\" height=\"150\" \/><\/a> <a href=\"http:\/\/senov-u-noveho-jicina.knihovna.info\/wp-content\/uploads\/2014\/02\/IMG_8103.jpg\"><img loading=\"lazy\" decoding=\"async\" class=\"alignnone size-thumbnail wp-image-293\" src=\"http:\/\/senov-u-noveho-jicina.knihovna.info\/wp-content\/uploads\/2014\/02\/IMG_8103-150x150.jpg\" alt=\"\" width=\"150\" height=\"150\" \/><\/a> <a href=\"http:\/\/senov-u-noveho-jicina.knihovna.info\/wp-content\/uploads\/2014\/02\/IMG_8102.jpg\"><img loading=\"lazy\" decoding=\"async\" class=\"alignnone size-thumbnail wp-image-292\" src=\"http:\/\/senov-u-noveho-jicina.knihovna.info\/wp-content\/uploads\/2014\/02\/IMG_8102-150x150.jpg\" alt=\"\" width=\"150\" height=\"150\" \/><\/a> <a href=\"http:\/\/senov-u-noveho-jicina.knihovna.info\/wp-content\/uploads\/2014\/02\/IMG_8098.jpg\"><img loading=\"lazy\" decoding=\"async\" class=\"alignnone size-thumbnail wp-image-291\" src=\"http:\/\/senov-u-noveho-jicina.knihovna.info\/wp-content\/uploads\/2014\/02\/IMG_8098-150x150.jpg\" alt=\"\" width=\"150\" height=\"150\" \/><\/a> <a href=\"http:\/\/senov-u-noveho-jicina.knihovna.info\/wp-content\/uploads\/2014\/02\/IMG_8096.jpg\"><img loading=\"lazy\" decoding=\"async\" class=\"alignnone size-thumbnail wp-image-290\" src=\"http:\/\/senov-u-noveho-jicina.knihovna.info\/wp-content\/uploads\/2014\/02\/IMG_8096-150x150.jpg\" alt=\"\" width=\"150\" height=\"150\" \/><\/a> <a href=\"http:\/\/senov-u-noveho-jicina.knihovna.info\/wp-content\/uploads\/2014\/02\/IMG_8092.jpg\"><img loading=\"lazy\" decoding=\"async\" class=\"alignnone size-thumbnail wp-image-288\" src=\"http:\/\/senov-u-noveho-jicina.knihovna.info\/wp-content\/uploads\/2014\/02\/IMG_8092-150x150.jpg\" alt=\"\" width=\"150\" height=\"150\" \/><\/a> <a href=\"http:\/\/senov-u-noveho-jicina.knihovna.info\/wp-content\/uploads\/2014\/02\/IMG_8093.jpg\"><img loading=\"lazy\" decoding=\"async\" class=\"alignnone size-thumbnail wp-image-289\" src=\"http:\/\/senov-u-noveho-jicina.knihovna.info\/wp-content\/uploads\/2014\/02\/IMG_8093-150x150.jpg\" alt=\"\" width=\"150\" height=\"150\" \/><\/a> <a href=\"http:\/\/senov-u-noveho-jicina.knihovna.info\/wp-content\/uploads\/2014\/02\/IMG_8091.jpg\"><img loading=\"lazy\" decoding=\"async\" class=\"alignnone size-thumbnail wp-image-287\" src=\"http:\/\/senov-u-noveho-jicina.knihovna.info\/wp-content\/uploads\/2014\/02\/IMG_8091-150x150.jpg\" alt=\"\" width=\"150\" height=\"150\" \/><\/a> <a href=\"http:\/\/senov-u-noveho-jicina.knihovna.info\/wp-content\/uploads\/2014\/02\/IMG_8090.jpg\"><img loading=\"lazy\" decoding=\"async\" class=\"alignnone size-thumbnail wp-image-286\" src=\"http:\/\/senov-u-noveho-jicina.knihovna.info\/wp-content\/uploads\/2014\/02\/IMG_8090-150x150.jpg\" alt=\"\" width=\"150\" height=\"150\" \/><\/a> <a href=\"http:\/\/senov-u-noveho-jicina.knihovna.info\/wp-content\/uploads\/2014\/02\/IMG_8111.jpg\"><img loading=\"lazy\" decoding=\"async\" class=\"alignnone size-thumbnail wp-image-285\" src=\"http:\/\/senov-u-noveho-jicina.knihovna.info\/wp-content\/uploads\/2014\/02\/IMG_8111-150x150.jpg\" alt=\"\" width=\"150\" height=\"150\" \/><\/a><\/p>\n<p style=\"text-align: justify;\">\u00a0<strong>P\u016fj\u010dovna pro dosp\u011bl\u00e9<\/strong><\/p>\n<p style=\"text-align: justify;\"><a href=\"http:\/\/senov-u-noveho-jicina.knihovna.info\/wp-content\/uploads\/2014\/02\/foto013.jpg\"><img loading=\"lazy\" decoding=\"async\" class=\"alignnone size-thumbnail wp-image-214\" title=\"foto013\" src=\"http:\/\/senov-u-noveho-jicina.knihovna.info\/wp-content\/uploads\/2014\/02\/foto013-150x150.jpg\" alt=\"P\u016fj\u010dovna pro dosp\u011bl\u00e9\" width=\"150\" height=\"150\" \/><\/a>\u00a0<a href=\"http:\/\/senov-u-noveho-jicina.knihovna.info\/wp-content\/uploads\/2014\/02\/foto014.jpg\"><img loading=\"lazy\" decoding=\"async\" class=\"alignnone size-thumbnail wp-image-215\" title=\"foto014\" src=\"http:\/\/senov-u-noveho-jicina.knihovna.info\/wp-content\/uploads\/2014\/02\/foto014-150x150.jpg\" alt=\"P\u016fj\u010dovna pro dosp\u011bl\u00e9\" width=\"150\" height=\"150\" \/><\/a>\u00a0<a href=\"http:\/\/senov-u-noveho-jicina.knihovna.info\/wp-content\/uploads\/2014\/02\/foto012.jpg\"><img loading=\"lazy\" decoding=\"async\" class=\"alignnone size-thumbnail wp-image-213\" title=\"foto012\" src=\"http:\/\/senov-u-noveho-jicina.knihovna.info\/wp-content\/uploads\/2014\/02\/foto012-150x150.jpg\" alt=\"P\u016fj\u010dovna pro dosp\u011bl\u00e9\" width=\"150\" height=\"150\" \/><\/a>\u00a0<a href=\"http:\/\/senov-u-noveho-jicina.knihovna.info\/wp-content\/uploads\/2014\/02\/foto011.jpg\"><img loading=\"lazy\" decoding=\"async\" class=\"alignnone size-thumbnail wp-image-212\" title=\"foto011\" src=\"http:\/\/senov-u-noveho-jicina.knihovna.info\/wp-content\/uploads\/2014\/02\/foto011-150x150.jpg\" alt=\"P\u016fj\u010dovna pro dosp\u011bl\u00e9\" width=\"150\" height=\"150\" \/><\/a>\u00a0 \u00a0 \u00a0 \u00a0 \u00a0 \u00a0<a href=\"http:\/\/senov-u-noveho-jicina.knihovna.info\/wp-content\/uploads\/2014\/02\/foto009.jpg\"><img loading=\"lazy\" decoding=\"async\" class=\"alignnone size-thumbnail wp-image-210\" title=\"foto009\" src=\"http:\/\/senov-u-noveho-jicina.knihovna.info\/wp-content\/uploads\/2014\/02\/foto009-150x150.jpg\" alt=\"P\u016fj\u010dovna pro dosp\u011bl\u00e9\" width=\"150\" height=\"150\" \/><\/a>\u00a0 \u00a0 \u00a0 \u00a0 \u00a0 \u00a0<a href=\"http:\/\/senov-u-noveho-jicina.knihovna.info\/wp-content\/uploads\/2014\/02\/foto010.jpg\"><img loading=\"lazy\" decoding=\"async\" class=\"alignnone size-thumbnail wp-image-211\" title=\"foto010\" src=\"http:\/\/senov-u-noveho-jicina.knihovna.info\/wp-content\/uploads\/2014\/02\/foto010-150x150.jpg\" alt=\"P\u016fj\u010dovna pro dosp\u011bl\u00e9\" width=\"150\" height=\"150\" \/><\/a><\/p>\n<p style=\"text-align: left;\"><a href=\"http:\/\/senov-u-noveho-jicina.knihovna.info\/wp-content\/uploads\/2014\/02\/foto005.jpg\"><img loading=\"lazy\" decoding=\"async\" class=\"alignnone size-thumbnail wp-image-206\" title=\"foto005\" src=\"http:\/\/senov-u-noveho-jicina.knihovna.info\/wp-content\/uploads\/2014\/02\/foto005-150x150.jpg\" alt=\"P\u016fj\u010dovna pro dosp\u011bl\u00e9\" width=\"150\" height=\"150\" \/><\/a>\u00a0 \u00a0 \u00a0 \u00a0 \u00a0 \u00a0<a href=\"http:\/\/senov-u-noveho-jicina.knihovna.info\/wp-content\/uploads\/2014\/02\/foto001.jpg\"><img loading=\"lazy\" decoding=\"async\" class=\"alignnone size-thumbnail wp-image-202\" title=\"foto001\" src=\"http:\/\/senov-u-noveho-jicina.knihovna.info\/wp-content\/uploads\/2014\/02\/foto001-150x150.jpg\" alt=\"P\u016fj\u010dovna pro dosp\u011bl\u00e9\" width=\"150\" height=\"150\" \/><\/a>\u00a0 \u00a0 \u00a0 \u00a0 \u00a0\u00a0<a href=\"http:\/\/senov-u-noveho-jicina.knihovna.info\/wp-content\/uploads\/2014\/02\/foto003.jpg\"><img loading=\"lazy\" decoding=\"async\" class=\"alignnone size-thumbnail wp-image-204\" title=\"foto003\" src=\"http:\/\/senov-u-noveho-jicina.knihovna.info\/wp-content\/uploads\/2014\/02\/foto003-150x150.jpg\" alt=\"P\u016fj\u010dovna pro dosp\u011bl\u00e9\" width=\"150\" height=\"150\" \/><\/a><\/p>\n<p style=\"text-align: left;\"><a href=\"http:\/\/senov-u-noveho-jicina.knihovna.info\/wp-content\/uploads\/2014\/02\/foto002.jpg\"><img loading=\"lazy\" decoding=\"async\" class=\"alignnone size-thumbnail wp-image-203\" title=\"foto002\" src=\"http:\/\/senov-u-noveho-jicina.knihovna.info\/wp-content\/uploads\/2014\/02\/foto002-150x150.jpg\" alt=\"P\u016fj\u010dovna pro dosp\u011bl\u00e9\" width=\"150\" height=\"150\" \/><\/a><\/p>\n<p style=\"text-align: left;\"><strong>P\u016fj\u010dovna pro ml\u00e1de\u017e<\/strong><\/p>\n<p style=\"text-align: justify;\"><a href=\"http:\/\/senov-u-noveho-jicina.knihovna.info\/wp-content\/uploads\/2014\/02\/foto008.jpg\"><img loading=\"lazy\" decoding=\"async\" class=\"alignnone size-thumbnail wp-image-209\" title=\"foto008\" src=\"http:\/\/senov-u-noveho-jicina.knihovna.info\/wp-content\/uploads\/2014\/02\/foto008-150x150.jpg\" alt=\"P\u016fj\u010dovna pro ml\u00e1de\u017e\" width=\"150\" height=\"150\" \/><\/a>\u00a0 \u00a0 \u00a0 \u00a0 \u00a0\u00a0<a href=\"http:\/\/senov-u-noveho-jicina.knihovna.info\/wp-content\/uploads\/2014\/02\/foto007.jpg\"><img loading=\"lazy\" decoding=\"async\" class=\"alignnone size-thumbnail wp-image-208\" title=\"foto007\" src=\"http:\/\/senov-u-noveho-jicina.knihovna.info\/wp-content\/uploads\/2014\/02\/foto007-150x150.jpg\" alt=\"P\u016fj\u010dovna pro ml\u00e1de\u017e\" width=\"150\" height=\"150\" \/><\/a>\u00a0 \u00a0 \u00a0 \u00a0 \u00a0\u00a0<a href=\"http:\/\/senov-u-noveho-jicina.knihovna.info\/wp-content\/uploads\/2014\/02\/foto004.jpg\"><img loading=\"lazy\" decoding=\"async\" class=\"alignnone size-thumbnail wp-image-205\" title=\"foto004\" src=\"http:\/\/senov-u-noveho-jicina.knihovna.info\/wp-content\/uploads\/2014\/02\/foto004-150x150.jpg\" alt=\"P\u016fj\u010dovna pro ml\u00e1de\u017e\" width=\"150\" height=\"150\" \/><\/a><\/p>\n<p style=\"text-align: justify;\"><a href=\"http:\/\/senov-u-noveho-jicina.knihovna.info\/wp-content\/uploads\/2014\/02\/foto006.jpg\"><img loading=\"lazy\" decoding=\"async\" class=\"alignnone size-thumbnail wp-image-133\" title=\"foto006\" src=\"http:\/\/senov-u-noveho-jicina.knihovna.info\/wp-content\/uploads\/2014\/02\/foto006-150x150.jpg\" alt=\"P\u016fj\u010dovna pro ml\u00e1de\u017e\" width=\"150\" height=\"150\" \/><\/a><\/p>\n<p style=\"text-align: justify;\"><strong>N\u00e1v\u0161t\u011bva knihovny d\u011btmi ze Z\u0160 v \u0160enov\u011b<\/strong><\/p>\n<p style=\"text-align: justify;\"><a href=\"http:\/\/senov-u-noveho-jicina.knihovna.info\/wp-content\/uploads\/2014\/02\/foto016.jpg\"><img loading=\"lazy\" decoding=\"async\" class=\"alignnone size-thumbnail wp-image-217\" title=\"foto016\" src=\"http:\/\/senov-u-noveho-jicina.knihovna.info\/wp-content\/uploads\/2014\/02\/foto016-150x150.jpg\" alt=\"N\u00e1v\u0161t\u011bva\" width=\"150\" height=\"150\" \/><\/a>\u00a0 \u00a0 \u00a0 \u00a0 \u00a0\u00a0<a href=\"http:\/\/senov-u-noveho-jicina.knihovna.info\/wp-content\/uploads\/2014\/02\/foto015.jpg\"><img loading=\"lazy\" decoding=\"async\" class=\"alignnone size-thumbnail wp-image-216\" title=\"foto015\" src=\"http:\/\/senov-u-noveho-jicina.knihovna.info\/wp-content\/uploads\/2014\/02\/foto015-150x150.jpg\" alt=\"N\u00e1v\u0161t\u011bva\" width=\"150\" height=\"150\" \/><\/a>\u00a0 \u00a0 \u00a0 \u00a0 \u00a0\u00a0<a href=\"http:\/\/senov-u-noveho-jicina.knihovna.info\/wp-content\/uploads\/2014\/02\/foto017.jpg\"><img loading=\"lazy\" decoding=\"async\" class=\"alignnone size-thumbnail wp-image-218\" title=\"foto017\" src=\"http:\/\/senov-u-noveho-jicina.knihovna.info\/wp-content\/uploads\/2014\/02\/foto017-150x150.jpg\" alt=\"N\u00e1v\u0161t\u011bva\" width=\"150\" height=\"150\" \/><\/a><\/p>\n<p style=\"text-align: justify;\"><a href=\"http:\/\/senov-u-noveho-jicina.knihovna.info\/wp-content\/uploads\/2014\/02\/foto018.jpg\"><img loading=\"lazy\" decoding=\"async\" class=\"alignnone size-thumbnail wp-image-219\" title=\"foto018\" src=\"http:\/\/senov-u-noveho-jicina.knihovna.info\/wp-content\/uploads\/2014\/02\/foto018-150x150.jpg\" alt=\"N\u00e1v\u0161t\u011bva\" width=\"150\" height=\"150\" \/><\/a>\u00a0 \u00a0 \u00a0 \u00a0 \u00a0\u00a0<a href=\"http:\/\/senov-u-noveho-jicina.knihovna.info\/wp-content\/uploads\/2014\/02\/foto019.jpg\"><img loading=\"lazy\" decoding=\"async\" class=\"alignnone size-thumbnail wp-image-199\" title=\"foto019\" src=\"http:\/\/senov-u-noveho-jicina.knihovna.info\/wp-content\/uploads\/2014\/02\/foto019-150x150.jpg\" alt=\"N\u00e1v\u0161t\u011bva\" width=\"150\" height=\"150\" \/><\/a><\/p>\n<p style=\"text-align: left;\">\n","protected":false},"excerpt":{"rendered":"<p>N\u00e1v\u0161t\u011bva d\u011bt\u00ed 1. a 2. t\u0159\u00eddy z\u00e1kladn\u00ed \u0161koly v knihovn\u011b dne 22.11.2016\u00a0 \u00a0P\u016fj\u010dovna pro dosp\u011bl\u00e9 \u00a0\u00a0\u00a0\u00a0 \u00a0 \u00a0 \u00a0 \u00a0 \u00a0\u00a0 \u00a0 \u00a0 \u00a0 \u00a0 \u00a0 \u00a0 \u00a0 \u00a0 \u00a0 \u00a0 \u00a0\u00a0 \u00a0 \u00a0 \u00a0 \u00a0\u00a0 P\u016fj\u010dovna pro ml\u00e1de\u017e \u00a0 &hellip; <a href=\"https:\/\/senov-u-noveho-jicina.knihovna.info\/?page_id=126\">Cel\u00fd p\u0159\u00edsp\u011bvek <span class=\"meta-nav\">&rarr;<\/span><\/a><\/p>\n","protected":false},"author":1,"featured_media":0,"parent":0,"menu_order":0,"comment_status":"closed","ping_status":"open","template":"","meta":{"footnotes":""},"class_list":["post-126","page","type-page","status-publish","hentry"],"_links":{"self":[{"href":"https:\/\/senov-u-noveho-jicina.knihovna.info\/index.php?rest_route=\/wp\/v2\/pages\/126","targetHints":{"allow":["GET"]}}],"collection":[{"href":"https:\/\/senov-u-noveho-jicina.knihovna.info\/index.php?rest_route=\/wp\/v2\/pages"}],"about":[{"href":"https:\/\/senov-u-noveho-jicina.knihovna.info\/index.php?rest_route=\/wp\/v2\/types\/page"}],"author":[{"embeddable":true,"href":"https:\/\/senov-u-noveho-jicina.knihovna.info\/index.php?rest_route=\/wp\/v2\/users\/1"}],"replies":[{"embeddable":true,"href":"https:\/\/senov-u-noveho-jicina.knihovna.info\/index.php?rest_route=%2Fwp%2Fv2%2Fcomments&post=126"}],"version-history":[{"count":16,"href":"https:\/\/senov-u-noveho-jicina.knihovna.info\/index.php?rest_route=\/wp\/v2\/pages\/126\/revisions"}],"predecessor-version":[{"id":193,"href":"https:\/\/senov-u-noveho-jicina.knihovna.info\/index.php?rest_route=\/wp\/v2\/pages\/126\/revisions\/193"}],"wp:attachment":[{"href":"https:\/\/senov-u-noveho-jicina.knihovna.info\/index.php?rest_route=%2Fwp%2Fv2%2Fmedia&parent=126"}],"curies":[{"name":"wp","href":"https:\/\/api.w.org\/{rel}","templated":true}]}}