
{"id":20,"date":"2012-01-10T19:53:39","date_gmt":"2012-01-10T19:53:39","guid":{"rendered":"http:\/\/senov-u-noveho-jicina.knihovna.info\/?page_id=20"},"modified":"2025-02-24T14:59:30","modified_gmt":"2025-02-24T12:59:30","slug":"o-nas","status":"publish","type":"page","link":"https:\/\/senov-u-noveho-jicina.knihovna.info\/","title":{"rendered":"O n\u00e1s"},"content":{"rendered":"<p><span style=\"color: #ff0000;\">\u00a0<\/span>Na\u0161i knihovnu najdete v centru obce v rekonstruovan\u00e9 budov\u011b b\u00fdval\u00e9 po\u0161ty na adrese Dukelsk\u00e1 707\/707. Viz:<a href=\"http:\/\/senov-u-noveho-jicina.knihovna.info\/?page_id=5\"> kontakt<\/a><\/p>\n<h2>Knihovna poskytuje \u010dten\u00e1\u0159\u016fm tyto slu\u017eby:<\/h2>\n<h2>P\u016fj\u010dov\u00e1n\u00ed knih a \u010dasopis\u016f<\/h2>\n<p>V knihovn\u011b je k dispozici p\u0159ibli\u017en\u011b 5000 knih ve fondu obecn\u00ed knihovny a asi 400 knih zap\u016fj\u010den\u00fdch\u00a0z region\u00e1ln\u00edch\u00a0fond\u016f, kter\u00e9 jsou placeny z rozpo\u010dtu Moravskoslezsk\u00e9ho kraje.\u00a0\u010c\u00e1st knih z\u00a0fondu knihovny i z\u00a0region\u00e1ln\u00edch fond\u016f se\u00a0obm\u011b\u0148uje, proto\u017ee knihy jsou za\u0159azeny do v\u00fdm\u011bnn\u00fdch soubor\u016f,kter\u00e9 cirkuluj\u00ed mezi sdru\u017een\u00fdmi knihovnami (Kun\u00edn,\u00a0Suchdol nad Odrou, \u017divotice u NJ, Bernartice n\/O &#8230;). Knihy jsou tak l\u00e9pe vyu\u017eity a \u010dten\u00e1\u0159i maj\u00ed v\u011bt\u0161\u00ed mo\u017enost v\u00fdb\u011bru.<\/p>\n<p>K\u00a0dispozici jsou knihy pro dosp\u011bl\u00e9 i ml\u00e1de\u017e, z\u00e1bavn\u00e9 i nau\u010dn\u00e9.<\/p>\n<h2>Internet<\/h2>\n<p>\u010cten\u00e1\u0159i mohou vyu\u017e\u00edvat po\u010d\u00edta\u010de s\u00a0p\u0159\u00edstupem na internet. Tato slu\u017eba je poskytov\u00e1na zdarma.<\/p>\n","protected":false},"excerpt":{"rendered":"<p>\u00a0Na\u0161i knihovnu najdete v centru obce v rekonstruovan\u00e9 budov\u011b b\u00fdval\u00e9 po\u0161ty na adrese Dukelsk\u00e1 707\/707. Viz: kontakt Knihovna poskytuje \u010dten\u00e1\u0159\u016fm tyto slu\u017eby: P\u016fj\u010dov\u00e1n\u00ed knih a \u010dasopis\u016f V knihovn\u011b je k dispozici p\u0159ibli\u017en\u011b 5000 knih ve fondu obecn\u00ed knihovny a asi &hellip; <a href=\"https:\/\/senov-u-noveho-jicina.knihovna.info\/\">Cel\u00fd p\u0159\u00edsp\u011bvek <span class=\"meta-nav\">&rarr;<\/span><\/a><\/p>\n","protected":false},"author":1,"featured_media":0,"parent":0,"menu_order":0,"comment_status":"closed","ping_status":"closed","template":"","meta":{"footnotes":""},"class_list":["post-20","page","type-page","status-publish","hentry"],"_links":{"self":[{"href":"https:\/\/senov-u-noveho-jicina.knihovna.info\/index.php?rest_route=\/wp\/v2\/pages\/20","targetHints":{"allow":["GET"]}}],"collection":[{"href":"https:\/\/senov-u-noveho-jicina.knihovna.info\/index.php?rest_route=\/wp\/v2\/pages"}],"about":[{"href":"https:\/\/senov-u-noveho-jicina.knihovna.info\/index.php?rest_route=\/wp\/v2\/types\/page"}],"author":[{"embeddable":true,"href":"https:\/\/senov-u-noveho-jicina.knihovna.info\/index.php?rest_route=\/wp\/v2\/users\/1"}],"replies":[{"embeddable":true,"href":"https:\/\/senov-u-noveho-jicina.knihovna.info\/index.php?rest_route=%2Fwp%2Fv2%2Fcomments&post=20"}],"version-history":[{"count":15,"href":"https:\/\/senov-u-noveho-jicina.knihovna.info\/index.php?rest_route=\/wp\/v2\/pages\/20\/revisions"}],"predecessor-version":[{"id":327,"href":"https:\/\/senov-u-noveho-jicina.knihovna.info\/index.php?rest_route=\/wp\/v2\/pages\/20\/revisions\/327"}],"wp:attachment":[{"href":"https:\/\/senov-u-noveho-jicina.knihovna.info\/index.php?rest_route=%2Fwp%2Fv2%2Fmedia&parent=20"}],"curies":[{"name":"wp","href":"https:\/\/api.w.org\/{rel}","templated":true}]}}