
{"id":240,"date":"2014-10-13T08:40:15","date_gmt":"2014-10-13T06:40:15","guid":{"rendered":"http:\/\/senov-u-noveho-jicina.knihovna.info\/?page_id=240"},"modified":"2017-07-19T07:51:02","modified_gmt":"2017-07-19T05:51:02","slug":"odkazy","status":"publish","type":"page","link":"https:\/\/senov-u-noveho-jicina.knihovna.info\/?page_id=240","title":{"rendered":"Odkazy"},"content":{"rendered":"<p>Knihovna pov\u011b\u0159en\u00e1 v\u00fdkonem region\u00e1ln\u00edch funkc\u00ed \u2013 M\u011bstsk\u00e1 knihovna NOV\u00dd JI\u010c\u00cdN <a href=\"http:\/\/knihovnanj.cz\/\" target=\"_blank\" rel=\"noopener noreferrer\">www.knihovnanj.cz<\/a><\/p>\n<p>N\u00e1rodn\u00ed knihovna \u010cesk\u00e9 republiky <a href=\"http:\/\/www.nkp.cz\/\" target=\"_blank\" rel=\"noopener noreferrer\">http:\/\/www.nkp.cz\/<\/a><br \/>\nMoravskoslezsk\u00e1 v\u011bdeck\u00e1 knihovna v Ostrav\u011b<a href=\"http:\/\/www.svkos.cz\/\" target=\"_blank\" rel=\"noopener noreferrer\"> http:\/\/www.svkos.cz \/<\/a><br \/>\nV\u011bdeck\u00e1 knihovna v Olomouci <a href=\"http:\/\/www.vkol.cz\/cs\/\" target=\"_blank\" rel=\"noopener noreferrer\">http:\/\/www.vkol.cz\/cs\/<\/a><\/p>\n<p><strong>Celost\u00e1tn\u00ed knihovnick\u00e9 akce:<\/strong><\/p>\n<p><a href=\"http:\/\/www.skipcr.cz\/akce-a-projekty\/akce-skip\" target=\"_blank\" rel=\"noopener noreferrer\">http:\/\/www.skipcr.cz\/akce-a-projekty\/akce-skip<\/a><br \/>\n<a href=\"http:\/\/www.svkos.cz\/kalendar-akci-verejne.php\" target=\"_blank\" rel=\"noopener noreferrer\">http:\/\/www.svkos.cz\/kalendar-akci-verejne.php<\/a><\/p>\n","protected":false},"excerpt":{"rendered":"<p>Knihovna pov\u011b\u0159en\u00e1 v\u00fdkonem region\u00e1ln\u00edch funkc\u00ed \u2013 M\u011bstsk\u00e1 knihovna NOV\u00dd JI\u010c\u00cdN www.knihovnanj.cz N\u00e1rodn\u00ed knihovna \u010cesk\u00e9 republiky http:\/\/www.nkp.cz\/ Moravskoslezsk\u00e1 v\u011bdeck\u00e1 knihovna v Ostrav\u011b http:\/\/www.svkos.cz \/ V\u011bdeck\u00e1 knihovna v Olomouci http:\/\/www.vkol.cz\/cs\/ Celost\u00e1tn\u00ed knihovnick\u00e9 akce: http:\/\/www.skipcr.cz\/akce-a-projekty\/akce-skip http:\/\/www.svkos.cz\/kalendar-akci-verejne.php<\/p>\n","protected":false},"author":1,"featured_media":0,"parent":0,"menu_order":0,"comment_status":"closed","ping_status":"closed","template":"","meta":{"footnotes":""},"class_list":["post-240","page","type-page","status-publish","hentry"],"_links":{"self":[{"href":"https:\/\/senov-u-noveho-jicina.knihovna.info\/index.php?rest_route=\/wp\/v2\/pages\/240","targetHints":{"allow":["GET"]}}],"collection":[{"href":"https:\/\/senov-u-noveho-jicina.knihovna.info\/index.php?rest_route=\/wp\/v2\/pages"}],"about":[{"href":"https:\/\/senov-u-noveho-jicina.knihovna.info\/index.php?rest_route=\/wp\/v2\/types\/page"}],"author":[{"embeddable":true,"href":"https:\/\/senov-u-noveho-jicina.knihovna.info\/index.php?rest_route=\/wp\/v2\/users\/1"}],"replies":[{"embeddable":true,"href":"https:\/\/senov-u-noveho-jicina.knihovna.info\/index.php?rest_route=%2Fwp%2Fv2%2Fcomments&post=240"}],"version-history":[{"count":8,"href":"https:\/\/senov-u-noveho-jicina.knihovna.info\/index.php?rest_route=\/wp\/v2\/pages\/240\/revisions"}],"predecessor-version":[{"id":307,"href":"https:\/\/senov-u-noveho-jicina.knihovna.info\/index.php?rest_route=\/wp\/v2\/pages\/240\/revisions\/307"}],"wp:attachment":[{"href":"https:\/\/senov-u-noveho-jicina.knihovna.info\/index.php?rest_route=%2Fwp%2Fv2%2Fmedia&parent=240"}],"curies":[{"name":"wp","href":"https:\/\/api.w.org\/{rel}","templated":true}]}}