
{"id":91,"date":"2013-06-12T10:21:28","date_gmt":"2013-06-12T08:21:28","guid":{"rendered":"http:\/\/senov-u-noveho-jicina.knihovna.info\/?page_id=91"},"modified":"2025-02-24T15:05:31","modified_gmt":"2025-02-24T13:05:31","slug":"on-line-katalog","status":"publish","type":"page","link":"https:\/\/senov-u-noveho-jicina.knihovna.info\/?page_id=91","title":{"rendered":"On-line katalog"},"content":{"rendered":"<blockquote>\n<p style=\"text-align: center;\"><strong><a href=\"https:\/\/knihovnanj.tritius.cz\/library\/senovunj\/\" target=\"_blank\" rel=\"noopener\">VSTUPTE DO ON-LINE KATALOGU &lt;<\/a><\/strong><\/p>\n<\/blockquote>\n<p style=\"text-align: center;\"><a href=\"https:\/\/knihovnanj.tritius.cz\/library\/senovunj\/news?days=90&amp;area=-1&amp;allsrc=on\" target=\"_blank\" rel=\"noopener\"><strong>Sledujte na\u0161e kni\u017en\u00ed novinky<\/strong><\/a><\/p>\n<p>Katalog Tritius<br \/>\nKatalog Tritius je modern\u00ed \u010desk\u00fd webov\u00fd katalog. Nov\u00e1 verze on-line katalogu CARMEN 2.5 m\u00e1 modern\u011bj\u0161\u00ed a p\u0159ehledn\u011bj\u0161\u00ed podobu a \u010dten\u00e1\u0159i jist\u011b ocen\u00ed rychlej\u0161\u00ed odezvu p\u0159i vyhled\u00e1v\u00e1n\u00ed ve v\u0161ech fondech knihovny. On-line katalog Carmen 2.5 umo\u017e\u0148uje vyhled\u00e1vat informace o knih\u00e1ch, \u010dasopisech a dal\u0161\u00edch dokumentech v cel\u00e9m knihovn\u00edm fondu. Vyhled\u00e1v\u00e1n\u00ed v on-line katalogu jednodu\u0161e za\u010dnete naps\u00e1n\u00edm vyhled\u00e1van\u00e9ho slova do vstupn\u00edho pole a stisknut\u00edm tla\u010d\u00edtka Hledej. Carmen je jako vyhled\u00e1vac\u00ed n\u00e1stroje Google nebo Yahoo!, ji\u017e nemus\u00edte vypl\u0148ovat vstupn\u00ed pole Autor, Titul nebo Kl\u00ed\u010dov\u00e9 slovo.<\/p>\n<p>Ka\u017ed\u00fd \u010dten\u00e1\u0159 knihovny je majitelem vlastn\u00edho \u010dten\u00e1\u0159sk\u00e9ho konta, kde m\u016f\u017ee sledovat stav a historii v\u00fdp\u016fj\u010dek, p\u0159ehled rezervac\u00ed, platby, upom\u00ednky, vytv\u00e1\u0159et a editovat sv\u016fj vlastn\u00ed seznam obl\u00edben\u00fdch dokument\u016f. M\u016f\u017eete si zm\u011bnit heslo pro p\u0159ihl\u00e1\u0161en\u00ed, zm\u011bnit osobn\u00ed \u00fadaje, kter\u00e9 jste uvedli p\u0159i registraci, zadat elektronickou adresu, kam v\u00e1m maj\u00ed b\u00fdt odes\u00edl\u00e1ny zpr\u00e1vy z knihovny (rezervace, upom\u00ednky apod.).<\/p>\n<p>Registrovan\u00fd \u010dten\u00e1\u0159 m\u016f\u017ee prov\u00e1d\u011bt rezervace vyhledan\u00fdch dokument\u016f, vyjad\u0159ovat se v diskusi k jednotliv\u00fdm dokument\u016fm, hodnotit dokumenty.<br \/>\nOn-line katalog umo\u017e\u0148uje d\u00edky technologii RSS sledovat p\u0159idan\u00e9 tituly do katalogu, ani\u017e byste museli op\u011btovn\u011b katalog nav\u0161t\u011bvovat a vyhled\u00e1vat v\u00e1mi \u017e\u00e1dan\u00e9 informace.<br \/>\nOn-line katalog CARMEN 2.5 se p\u0159izp\u016fsob\u00ed velikosti obrazovky, a tak umo\u017e\u0148uje vyhled\u00e1v\u00e1n\u00ed i u\u017eivatel\u016fm mobiln\u00edch telefon\u016f a tablet\u016f.<\/p>\n<p style=\"text-align: center;\"><strong><a href=\"https:\/\/knihovnanj.tritius.cz\/library\/senovunj\/\" target=\"_blank\" rel=\"noopener\">&gt; VSTUPTE DO ON-LINE KATALOGU\u00a0&lt;<\/a><\/strong><\/p>\n<p style=\"text-align: center;\">\n<p style=\"text-align: center;\">\n<p style=\"text-align: center;\">\n","protected":false},"excerpt":{"rendered":"<p>VSTUPTE DO ON-LINE KATALOGU &lt; Sledujte na\u0161e kni\u017en\u00ed novinky Katalog Tritius Katalog Tritius je modern\u00ed \u010desk\u00fd webov\u00fd katalog. Nov\u00e1 verze on-line katalogu CARMEN 2.5 m\u00e1 modern\u011bj\u0161\u00ed a p\u0159ehledn\u011bj\u0161\u00ed podobu a \u010dten\u00e1\u0159i jist\u011b ocen\u00ed rychlej\u0161\u00ed odezvu p\u0159i vyhled\u00e1v\u00e1n\u00ed ve v\u0161ech fondech &hellip; <a href=\"https:\/\/senov-u-noveho-jicina.knihovna.info\/?page_id=91\">Cel\u00fd p\u0159\u00edsp\u011bvek <span class=\"meta-nav\">&rarr;<\/span><\/a><\/p>\n","protected":false},"author":1,"featured_media":0,"parent":0,"menu_order":0,"comment_status":"closed","ping_status":"closed","template":"","meta":{"footnotes":""},"class_list":["post-91","page","type-page","status-publish","hentry"],"_links":{"self":[{"href":"https:\/\/senov-u-noveho-jicina.knihovna.info\/index.php?rest_route=\/wp\/v2\/pages\/91","targetHints":{"allow":["GET"]}}],"collection":[{"href":"https:\/\/senov-u-noveho-jicina.knihovna.info\/index.php?rest_route=\/wp\/v2\/pages"}],"about":[{"href":"https:\/\/senov-u-noveho-jicina.knihovna.info\/index.php?rest_route=\/wp\/v2\/types\/page"}],"author":[{"embeddable":true,"href":"https:\/\/senov-u-noveho-jicina.knihovna.info\/index.php?rest_route=\/wp\/v2\/users\/1"}],"replies":[{"embeddable":true,"href":"https:\/\/senov-u-noveho-jicina.knihovna.info\/index.php?rest_route=%2Fwp%2Fv2%2Fcomments&post=91"}],"version-history":[{"count":13,"href":"https:\/\/senov-u-noveho-jicina.knihovna.info\/index.php?rest_route=\/wp\/v2\/pages\/91\/revisions"}],"predecessor-version":[{"id":329,"href":"https:\/\/senov-u-noveho-jicina.knihovna.info\/index.php?rest_route=\/wp\/v2\/pages\/91\/revisions\/329"}],"wp:attachment":[{"href":"https:\/\/senov-u-noveho-jicina.knihovna.info\/index.php?rest_route=%2Fwp%2Fv2%2Fmedia&parent=91"}],"curies":[{"name":"wp","href":"https:\/\/api.w.org\/{rel}","templated":true}]}}